{"id":10,"date":"2022-07-17T18:35:57","date_gmt":"2022-07-17T18:35:57","guid":{"rendered":"https:\/\/www.tasocaklari.com\/?page_id=10"},"modified":"2024-11-24T18:27:19","modified_gmt":"2024-11-24T18:27:19","slug":"ankara-tas-ocaklari-0532-407-77-57","status":"publish","type":"page","link":"https:\/\/www.tasocaklari.com\/","title":{"rendered":"Ascanlar Ta\u015f Ocaklar\u0131 0532 407 77 57"},"content":{"rendered":"\n<p class=\"has-text-align-center\"><strong>HER T\u00dcRL\u00dc\u00a0<\/strong><\/p>\n\n\n\n<p class=\"has-text-align-center\"><mark style=\"background-color:#00d084\" class=\"has-inline-color has-black-color\"><strong>M\u0131c\u0131r K\u0131rma Ta\u015f Dol\u011fu Malzemesi\u00a0\u0130\u00e7in<\/strong> <strong>\u00a0F\u0130YAT \u00a0\u0130STEYEB\u0130L\u0130RS\u0130N\u0130Z.<\/strong><\/mark><\/p>\n\n\n\n<p><strong><em>Ankara ta\u015f ocaklar\u0131 olarak Her t\u00fcrl\u00fc k\u0131rma ta\u015f m\u0131c\u0131r stabilize dol\u011fu malzemesi satmaktay\u0131z. <\/em><\/strong><\/p>\n\n\n\n<p class=\"has-text-align-center\"><strong>HER T\u00dcRL\u00dc&nbsp;<\/strong><strong><\/strong><\/p>\n\n\n\n<p class=\"has-text-align-center\"><mark style=\"background-color:#fcb900\" class=\"has-inline-color has-black-color\"><strong>M\u0131c\u0131r K\u0131rma Ta\u015f Dol\u011fu Malzemesi\u00a0\u0130\u00e7in<\/strong> <strong>\u00a0F\u0130YAT \u00a0\u0130STEYEB\u0130L\u0130RS\u0130N\u0130Z.<\/strong><\/mark><\/p>\n\n\n\n<p class=\"has-text-align-center\"><strong>KUM \u0130HT\u0130YACINIZ \u0130LE\u00a0\u0130L\u011eL\u0130 EN UYGUN EKONOM\u0130K F\u0130YAT F\u0130RMAMIZDAN ALINIR.<\/strong><\/p>\n\n\n\n<p class=\"has-text-align-center\"><strong><mark>Email :\u00a0ascanlar.tc@hotmail.com\u00a0<\/mark><\/strong><\/p>\n\n\n\n<p class=\"has-text-align-center\"><strong>Gsm :<\/strong> <strong>{ 0532 } 407 77 57 \u00a0\u00a0<\/strong><\/p>\n\n\n\n<p class=\"has-text-align-center\"><strong>Ofis Telefon :<\/strong> <strong>( 0312 ) 482 05 09<\/strong><strong>&nbsp; <\/strong>\/\u2026 <strong><em>Ascanlar \u00ae Caner<\/em><\/strong> \u2026\/ <strong>Ofis faks :<\/strong><strong> <\/strong><strong>( 0312 ) 480 65 02<\/strong><\/p>\n\n\n\n<p class=\"has-text-align-center\"><strong>HER \u00c7E\u015e\u0130T<\/strong><strong><\/strong><\/p>\n\n\n\n<p class=\"has-text-align-center\"><strong>M\u0131c\u0131r Kum Sat\u0131\u015f\u0131 Yap\u0131l\u0131r<\/strong><strong>.<\/strong><\/p>\n\n\n\n<p class=\"has-text-align-center\"><strong>Her \u00c7e\u015fit Kum M\u0131c\u0131r Stabilize Dolgu Malzemesi<\/strong> <strong>NAKL\u0130YE DAH\u0130L \u015eANT\u0130YE TESL\u0130M\u0130 YAPILIR.<\/strong><\/p>\n\n\n\n<p class=\"has-text-align-center\"><strong><mark style=\"background-color:rgba(0, 0, 0, 0)\" class=\"has-inline-color has-vivid-red-color\">\u0130htiyac\u0131n\u0131z Olan malzemeyi Belirtmeniz Yeterli.<\/mark><\/strong><\/p>\n\n\n\n<p class=\"has-text-align-center\"><strong>.<\/strong><\/p>\n\n\n\n<p class=\"has-text-align-center\"><strong>Baypas, stabilize M\u0131c\u0131r,<\/strong> <strong>Temel Dolgu Malzemesi,<\/strong> <strong>4&#215;12 ,12&#215;22, 04 Ta\u015f,<\/strong> <\/p>\n\n\n\n<p class=\"has-text-align-center\"><strong>Beton Malzemesi,<\/strong> <strong>Duvar Ta\u015f\u0131, Ocakta\u015f\u0131 Malzemesi,<\/strong> <strong>Mekanik, Plentmiks, Asfalt Alt\u0131 Malzeme,<\/strong><\/p>\n\n\n\n<p class=\"has-text-align-center\"><strong>M\u0131c\u0131r Malzeme kar\u0131\u015f\u0131m\u0131,<\/strong> <strong>ankara k\u0131r\u0131lm\u0131\u015f dolgu malzemesi,<\/strong> <strong>ankara 0,38 rotmix malzemesi,<\/strong><\/p>\n\n\n\n<p class=\"has-text-align-center\"><strong>ankara 2 ve 3 numaral\u0131 ince Taneli m\u0131c\u0131r,<\/strong> <strong>ankara ta\u015f tozu ocaklar\u0131,<\/strong><\/p>\n\n\n\n<p class=\"has-text-align-center\"><strong>Ta\u015ftozu1 Numaral\u0131 M\u0131c\u0131r 2 3 4 Numaral\u0131 M\u0131c\u0131r<\/strong><\/p>\n\n\n\n<p class=\"has-text-align-center\"><strong>5-12 MM KIRMA MICIR, 0-5 MM KUM, BETON \u00c7AKILI VE F\u0130LLER MALZEMES\u0130<\/strong><strong><\/strong><\/p>\n\n\n\n<p class=\"has-text-align-center\"><strong>{&nbsp;CNR&nbsp;&amp;&nbsp;Can&nbsp;}<\/strong><strong><\/strong><\/p>\n\n\n\n<p>Ankara ta\u015f ocaklar\u0131 Ankara m\u0131c\u0131r ankara m\u0131c\u0131r oca\u011f\u0131 ankara ta\u015f oca\u011f\u0131 ankara ta\u015f tozu\u00a0 Stabilize malzeme Baypas Tuvenan, <\/p>\n\n\n\n<p class=\"has-text-align-center\"><strong>OCAK TA\u015eI ELENM\u0130\u015e KUM \u0130NCE SIVA   DERZ KUMU \u00c7AKIL KUM \u0130nce agrega KUM <\/strong><\/p>\n\n\n\n<p>Tuvenan elenmi\u015f y\u0131kanm\u0131\u015f ankaradaki k\u0131rmata\u015f fiyatlar\u0131 ucuz uygun fiyat<\/p>\n\n\n\n<p> yol temel alt yap\u0131 kanalizasyon dol\u011fu malzemesi malzeme ocaklar\u0131 \u015firketleri <\/p>\n\n\n\n<p>Ankara , Akyurt, \u00c7ankaya, Dikmen, K\u0131z\u0131lay, Necatibey, ulus, siteler, K\u00f6ro\u011flu, gop, <\/p>\n\n\n\n<p>u\u011fur mumcu soka\u011f\u0131, y\u00fcksel cad., kumrular, Maltepe, demirtepe, Sakarya, <\/p>\n\n\n\n<p>Atat\u00fcrk bulvar\u0131, Tunal\u0131 Hilmi, Tunus cad, \u00c7ankaya, turang\u00fcne\u015f, bakanl\u0131klar, <\/p>\n\n\n\n<p>tbmm, kurtulu\u015f, seyranba\u011flar\u0131, Kocatepe, olgunlar sokak,<\/p>\n","protected":false},"excerpt":{"rendered":"<p>HER T\u00dcRL\u00dc\u00a0 M\u0131c\u0131r K\u0131rma Ta\u015f Dol\u011fu Malzemesi\u00a0\u0130\u00e7in \u00a0F\u0130YAT \u00a0\u0130STEYEB\u0130L\u0130RS\u0130N\u0130Z. Ankara ta\u015f ocaklar\u0131 olarak Her t\u00fcrl\u00fc k\u0131rma ta\u015f m\u0131c\u0131r stabilize dol\u011fu malzemesi satmaktay\u0131z. HER T\u00dcRL\u00dc&nbsp; M\u0131c\u0131r K\u0131rma Ta\u015f Dol\u011fu Malzemesi\u00a0\u0130\u00e7in \u00a0F\u0130YAT \u00a0\u0130STEYEB\u0130L\u0130RS\u0130N\u0130Z. KUM \u0130HT\u0130YACINIZ \u0130LE\u00a0\u0130L\u011eL\u0130 EN UYGUN EKONOM\u0130K F\u0130YAT F\u0130RMAMIZDAN ALINIR. Email :\u00a0ascanlar.tc@hotmail.com\u00a0 Gsm : { 0532 } 407 77 57 \u00a0\u00a0 Ofis Telefon : ( [&hellip;]<\/p>\n","protected":false},"author":1,"featured_media":101,"parent":0,"menu_order":0,"comment_status":"closed","ping_status":"closed","template":"","meta":[],"_links":{"self":[{"href":"https:\/\/www.tasocaklari.com\/index.php\/wp-json\/wp\/v2\/pages\/10"}],"collection":[{"href":"https:\/\/www.tasocaklari.com\/index.php\/wp-json\/wp\/v2\/pages"}],"about":[{"href":"https:\/\/www.tasocaklari.com\/index.php\/wp-json\/wp\/v2\/types\/page"}],"author":[{"embeddable":true,"href":"https:\/\/www.tasocaklari.com\/index.php\/wp-json\/wp\/v2\/users\/1"}],"replies":[{"embeddable":true,"href":"https:\/\/www.tasocaklari.com\/index.php\/wp-json\/wp\/v2\/comments?post=10"}],"version-history":[{"count":6,"href":"https:\/\/www.tasocaklari.com\/index.php\/wp-json\/wp\/v2\/pages\/10\/revisions"}],"predecessor-version":[{"id":109,"href":"https:\/\/www.tasocaklari.com\/index.php\/wp-json\/wp\/v2\/pages\/10\/revisions\/109"}],"wp:featuredmedia":[{"embeddable":true,"href":"https:\/\/www.tasocaklari.com\/index.php\/wp-json\/wp\/v2\/media\/101"}],"wp:attachment":[{"href":"https:\/\/www.tasocaklari.com\/index.php\/wp-json\/wp\/v2\/media?parent=10"}],"curies":[{"name":"wp","href":"https:\/\/api.w.org\/{rel}","templated":true}]}}